{"id":2,"date":"2013-04-15T19:06:40","date_gmt":"2013-04-15T19:06:40","guid":{"rendered":"http:\/\/balkanbaltic.com\/fr\/?page_id=2"},"modified":"2013-05-15T08:43:35","modified_gmt":"2013-05-15T08:43:35","slug":"la-bulgarie","status":"publish","type":"page","link":"https:\/\/balkanbaltic.com\/fr\/la-bulgarie\/","title":{"rendered":"La Bulgarie"},"content":{"rendered":"<p>La Bulgarie \u2013 un pays d\u2019hospitalit\u00e9 authentique.<\/p>\n<p>Les Bulgares, dont le coeur et les portes sont toujours ouverts, disent que chaque invit\u00e9,\u00a0est un invit\u00e9 de Dieu.<br \/>\nNature magnifique, le climat doux, la mer Noire et de nombreuses sources d\u2019eau min\u00e9rale, thermale et curative, tout cela fait la vraie richesse du pays.<\/p>\n<p>Des grandes stations modernes et des petits villages anciens, des plages exotiques, des montagnes vertes et des rivi\u00e8res pittoresques \u2013 c\u2019est la Bulgarie.<\/p>\n<p>Pour tous ceux qui ont besoin de vacances dynamiques et aussi pour ceux d\u2019entre vous qui pr\u00e9f\u00e8rent le silence, la paix, le bruit de la mer et la fra\u00eecheur des montagnes \u2013 La Bulgarie est l\u2019endroit id\u00e9al.<\/p>\n","protected":false},"excerpt":{"rendered":"<p>La Bulgarie \u2013 un pays d\u2019hospitalit\u00e9 authentique. Les Bulgares, dont le coeur et les portes sont toujours ouverts, disent que chaque invit\u00e9,\u00a0est un invit\u00e9 de Dieu. Nature magnifique, le climat doux, la mer Noire et de nombreuses sources d\u2019eau min\u00e9rale, thermale et curative, tout cela fait la vraie richesse du pays. Des grandes stations modernes [&hellip;]<\/p>\n","protected":false},"author":1,"featured_media":0,"parent":0,"menu_order":0,"comment_status":"closed","ping_status":"closed","template":"","meta":[],"_links":{"self":[{"href":"https:\/\/balkanbaltic.com\/fr\/wp-json\/wp\/v2\/pages\/2"}],"collection":[{"href":"https:\/\/balkanbaltic.com\/fr\/wp-json\/wp\/v2\/pages"}],"about":[{"href":"https:\/\/balkanbaltic.com\/fr\/wp-json\/wp\/v2\/types\/page"}],"author":[{"embeddable":true,"href":"https:\/\/balkanbaltic.com\/fr\/wp-json\/wp\/v2\/users\/1"}],"replies":[{"embeddable":true,"href":"https:\/\/balkanbaltic.com\/fr\/wp-json\/wp\/v2\/comments?post=2"}],"version-history":[{"count":6,"href":"https:\/\/balkanbaltic.com\/fr\/wp-json\/wp\/v2\/pages\/2\/revisions"}],"predecessor-version":[{"id":64,"href":"https:\/\/balkanbaltic.com\/fr\/wp-json\/wp\/v2\/pages\/2\/revisions\/64"}],"wp:attachment":[{"href":"https:\/\/balkanbaltic.com\/fr\/wp-json\/wp\/v2\/media?parent=2"}],"curies":[{"name":"wp","href":"https:\/\/api.w.org\/{rel}","templated":true}]}}