{"id":43,"date":"2013-05-09T21:44:38","date_gmt":"2013-05-09T21:44:38","guid":{"rendered":"http:\/\/balkanbaltic.com\/fr\/?page_id=43"},"modified":"2013-06-13T09:19:34","modified_gmt":"2013-06-13T09:19:34","slug":"qui-sommes-nous","status":"publish","type":"page","link":"https:\/\/balkanbaltic.com\/fr\/qui-sommes-nous\/","title":{"rendered":"Qui sommes \u2013 nous?"},"content":{"rendered":"<p>Si vous \u00eates fatigu\u00e9 de la vie quotidienne dans la ville et que vous voulez vous rendre la vie encore plus color\u00e9e, intense, joyeuse et passionnante, nous sommes \u00e0 votre disposition de vous aider d\u2019 organiser une f\u00eate, des vacances et des week-ends pour vous, vos enfants, vos parents et vos amis.<\/p>\n<p>L&rsquo;\u00e9quipe de professionnels vous aidera \u00e0 choisir un tour selon vos souhaits.<\/p>\n<p>Notre agence vous propose une large gamme de services: s\u00e9jours en h\u00f4tels, s\u00e9jours en stations baln\u00e9aires, soins thelasso &amp; spa, vacances en famille \u00e0 la plage ou \u00e0 la montagne, excursions et visites guid\u00e9es en Bulgarie et beaucoup d&rsquo;autre.<\/p>\n<p><a href=\"http:\/\/balkanbaltic.com\/fr\/wp-content\/uploads\/sites\/4\/2013\/05\/Picture-2.jpg\"><img decoding=\"async\" loading=\"lazy\" class=\"alignnone size-medium wp-image-83\" alt=\"Picture 2\" src=\"http:\/\/balkanbaltic.com\/fr\/wp-content\/uploads\/sites\/4\/2013\/05\/Picture-2-217x300.jpg\" width=\"217\" height=\"300\" srcset=\"https:\/\/balkanbaltic.com\/fr\/wp-content\/uploads\/sites\/4\/2013\/05\/Picture-2-217x300.jpg 217w, https:\/\/balkanbaltic.com\/fr\/wp-content\/uploads\/sites\/4\/2013\/05\/Picture-2-743x1024.jpg 743w\" sizes=\"(max-width: 217px) 100vw, 217px\" \/><\/a><\/p>\n","protected":false},"excerpt":{"rendered":"<p>Si vous \u00eates fatigu\u00e9 de la vie quotidienne dans la ville et que vous voulez vous rendre la vie encore plus color\u00e9e, intense, joyeuse et passionnante, nous sommes \u00e0 votre disposition de vous aider d\u2019 organiser une f\u00eate, des vacances et des week-ends pour vous, vos enfants, vos parents et vos amis. L&rsquo;\u00e9quipe de professionnels [&hellip;]<\/p>\n","protected":false},"author":1,"featured_media":0,"parent":0,"menu_order":0,"comment_status":"closed","ping_status":"open","template":"","meta":[],"_links":{"self":[{"href":"https:\/\/balkanbaltic.com\/fr\/wp-json\/wp\/v2\/pages\/43"}],"collection":[{"href":"https:\/\/balkanbaltic.com\/fr\/wp-json\/wp\/v2\/pages"}],"about":[{"href":"https:\/\/balkanbaltic.com\/fr\/wp-json\/wp\/v2\/types\/page"}],"author":[{"embeddable":true,"href":"https:\/\/balkanbaltic.com\/fr\/wp-json\/wp\/v2\/users\/1"}],"replies":[{"embeddable":true,"href":"https:\/\/balkanbaltic.com\/fr\/wp-json\/wp\/v2\/comments?post=43"}],"version-history":[{"count":4,"href":"https:\/\/balkanbaltic.com\/fr\/wp-json\/wp\/v2\/pages\/43\/revisions"}],"predecessor-version":[{"id":85,"href":"https:\/\/balkanbaltic.com\/fr\/wp-json\/wp\/v2\/pages\/43\/revisions\/85"}],"wp:attachment":[{"href":"https:\/\/balkanbaltic.com\/fr\/wp-json\/wp\/v2\/media?parent=43"}],"curies":[{"name":"wp","href":"https:\/\/api.w.org\/{rel}","templated":true}]}}